{"id":1054,"date":"2020-08-14T14:40:57","date_gmt":"2020-08-14T12:40:57","guid":{"rendered":"http:\/\/visions-of-dystopia.com\/?page_id=1054"},"modified":"2022-02-12T12:26:56","modified_gmt":"2022-02-12T11:26:56","slug":"bandes-originales","status":"publish","type":"page","link":"https:\/\/visions-of-dystopia.com\/?page_id=1054","title":{"rendered":"BANDES ORIGINALES"},"content":{"rendered":"<p><strong>Court m\u00e9trage<\/strong> BREACH de ArtFX (2020)<\/p>\n<p><iframe loading=\"lazy\" title=\"\/\/ ARTFX OFFICIAL \/\/ BREACH\" width=\"640\" height=\"360\" src=\"https:\/\/www.youtube.com\/embed\/Tz3dViUgBSI?feature=oembed\" frameborder=\"0\" allow=\"accelerometer; autoplay; clipboard-write; encrypted-media; gyroscope; picture-in-picture\" allowfullscreen><\/iframe><\/p>\n<p>Bande annonce du <strong>long m\u00e9trage<\/strong> de <a href=\"http:\/\/baptisterouveure.com\" target=\"_blank\" rel=\"noopener noreferrer\">Baptiste Rouveure<\/a>, <a href=\"http:\/\/baptisterouveure.com\/fictionlesanimauxanonymes.html\" target=\"_blank\" rel=\"noopener noreferrer\">Les animaux anonymes<\/a> (2020) : r\u00e9compens\u00e9 au <strong><a href=\"https:\/\/screamfestla.com\/2020\/film\/anonymous-animals\" target=\"_blank\" rel=\"noopener\">ScreamFest en 2020<\/a> <\/strong>dans la cat\u00e9gorie <strong>meilleure bande originale.<\/strong><\/p>\n<p><iframe loading=\"lazy\" title=\"anonymous animals - trailer\" src=\"https:\/\/player.vimeo.com\/video\/377804157?h=657459983b&amp;dnt=1&amp;app_id=122963\" width=\"640\" height=\"363\" frameborder=\"0\" allow=\"autoplay; fullscreen; picture-in-picture\" allowfullscreen><\/iframe><\/p>\n<p><strong>ScreamFest 2020 :<\/strong> <strong>meilleure bande originale<\/strong> et meilleur montage pour les Animaux Anonymes !<\/p>\n<p><img loading=\"lazy\" class=\"aligncenter wp-image-1398\" src=\"https:\/\/visions-of-dystopia.com\/wp-content\/uploads\/2021\/02\/ScreamFest.png\" alt=\"\" width=\"200\" height=\"202\" srcset=\"https:\/\/visions-of-dystopia.com\/wp-content\/uploads\/2021\/02\/ScreamFest.png 586w, https:\/\/visions-of-dystopia.com\/wp-content\/uploads\/2021\/02\/ScreamFest-297x300.png 297w, https:\/\/visions-of-dystopia.com\/wp-content\/uploads\/2021\/02\/ScreamFest-90x90.png 90w\" sizes=\"(max-width: 200px) 100vw, 200px\" \/><\/p>\n<p><strong>Court m\u00e9trage <\/strong>AstrallStory de <a href=\"https:\/\/www.unifrance.org\/annuaires\/personne\/143258\/virginia-bach\" target=\"_blank\" rel=\"noopener\">Virginia Bach<\/a> (2020)<strong><br \/>\n<\/strong><\/p>\n<p><a href=\"https:\/\/vimeo.com\/382055304\" target=\"_blank\" rel=\"noopener\"><img loading=\"lazy\" class=\"aligncenter wp-image-1770\" src=\"https:\/\/visions-of-dystopia.com\/wp-content\/uploads\/2022\/02\/Astrallstory-300x169.png\" alt=\"\" width=\"590\" height=\"332\" srcset=\"https:\/\/visions-of-dystopia.com\/wp-content\/uploads\/2022\/02\/Astrallstory-300x169.png 300w, https:\/\/visions-of-dystopia.com\/wp-content\/uploads\/2022\/02\/Astrallstory-1024x576.png 1024w, https:\/\/visions-of-dystopia.com\/wp-content\/uploads\/2022\/02\/Astrallstory-768x432.png 768w, https:\/\/visions-of-dystopia.com\/wp-content\/uploads\/2022\/02\/Astrallstory-1536x864.png 1536w, https:\/\/visions-of-dystopia.com\/wp-content\/uploads\/2022\/02\/Astrallstory.png 1920w\" sizes=\"(max-width: 590px) 100vw, 590px\" \/><\/a><\/p>\n<p><strong>Court m\u00e9trage<\/strong> de <a href=\"https:\/\/www.unifrance.org\/annuaires\/personne\/143258\/virginia-bach\" target=\"_blank\" rel=\"noopener noreferrer\">Virginia Bach<\/a>, <a href=\"https:\/\/www.facebook.com\/luidire\/\">\u00ab\u00a0<\/a><a href=\"https:\/\/www.facebook.com\/luidire\/\" target=\"_blank\" rel=\"noopener noreferrer\">Lui Dire\u00a0\u00bb <\/a>produit par <a href=\"https:\/\/www.dacor.fr\" target=\"_blank\" rel=\"noopener noreferrer\">DACOR Films <\/a>(2018)<\/p>\n<p><a href=\"https:\/\/vimeo.com\/286251412\"><img loading=\"lazy\" class=\"aligncenter wp-image-929\" src=\"https:\/\/visions-of-dystopia.com\/wp-content\/uploads\/2020\/04\/LUI-DIRE.jpg\" alt=\"\" width=\"590\" height=\"332\" srcset=\"https:\/\/visions-of-dystopia.com\/wp-content\/uploads\/2020\/04\/LUI-DIRE.jpg 1366w, https:\/\/visions-of-dystopia.com\/wp-content\/uploads\/2020\/04\/LUI-DIRE-300x169.jpg 300w, https:\/\/visions-of-dystopia.com\/wp-content\/uploads\/2020\/04\/LUI-DIRE-1024x576.jpg 1024w, https:\/\/visions-of-dystopia.com\/wp-content\/uploads\/2020\/04\/LUI-DIRE-768x432.jpg 768w\" sizes=\"(max-width: 590px) 100vw, 590px\" \/><\/a><\/p>\n<p><strong>Court m\u00e9trage<\/strong> \u00ab\u00a0Dimanche\u00a0\u00bb de <a href=\"https:\/\/ramoin.book.fr\">Thierry Ollive Ramoin<\/a> (2017)<\/p>\n<p><iframe loading=\"lazy\" title=\"Dimanche Vost\" width=\"640\" height=\"360\" src=\"https:\/\/www.youtube.com\/embed\/61zGH7C04xM?feature=oembed\" frameborder=\"0\" allow=\"accelerometer; autoplay; clipboard-write; encrypted-media; gyroscope; picture-in-picture\" allowfullscreen><\/iframe><\/p>\n<p>Musiques des <strong>films documentaires<\/strong> Atome Hotel (<a href=\"https:\/\/www.lumni.fr\/serie\/atome-hotel\" target=\"_blank\" rel=\"noopener noreferrer\">France TV Education<\/a>) (2015)<\/p>\n<h5>ARGENT<\/h5>\n<p><a href=\"https:\/\/education.francetv.fr\/matiere\/physique-chimie\/cinquieme\/video\/l-argent\" target=\"_blank\" rel=\"noopener noreferrer\"><img loading=\"lazy\" class=\"alignnone wp-image-516\" src=\"https:\/\/visions-of-dystopia.com\/wp-content\/uploads\/2019\/01\/E-08-Argent-V12-ETALO_2-300x128.jpg\" alt=\"\" width=\"450\" height=\"191\" srcset=\"https:\/\/visions-of-dystopia.com\/wp-content\/uploads\/2019\/01\/E-08-Argent-V12-ETALO_2-300x128.jpg 300w, https:\/\/visions-of-dystopia.com\/wp-content\/uploads\/2019\/01\/E-08-Argent-V12-ETALO_2-768x326.jpg 768w, https:\/\/visions-of-dystopia.com\/wp-content\/uploads\/2019\/01\/E-08-Argent-V12-ETALO_2-1024x435.jpg 1024w, https:\/\/visions-of-dystopia.com\/wp-content\/uploads\/2019\/01\/E-08-Argent-V12-ETALO_2.jpg 1920w\" sizes=\"(max-width: 450px) 100vw, 450px\" \/><\/a><\/p>\n<h5>B\u00c9RYLLIUM 10<\/h5>\n<h5><a href=\"https:\/\/education.francetv.fr\/matiere\/physique-chimie\/cinquieme\/video\/le-beryllium-10\" target=\"_blank\" rel=\"noopener noreferrer\"><img loading=\"lazy\" class=\"alignnone wp-image-513\" src=\"https:\/\/visions-of-dystopia.com\/wp-content\/uploads\/2019\/01\/E-09-B\u00e9ryllium-10-V13-ETALO-300x128.jpg\" alt=\"\" width=\"450\" height=\"191\" srcset=\"https:\/\/visions-of-dystopia.com\/wp-content\/uploads\/2019\/01\/E-09-B\u00e9ryllium-10-V13-ETALO-300x128.jpg 300w, https:\/\/visions-of-dystopia.com\/wp-content\/uploads\/2019\/01\/E-09-B\u00e9ryllium-10-V13-ETALO-768x326.jpg 768w, https:\/\/visions-of-dystopia.com\/wp-content\/uploads\/2019\/01\/E-09-B\u00e9ryllium-10-V13-ETALO-1024x435.jpg 1024w, https:\/\/visions-of-dystopia.com\/wp-content\/uploads\/2019\/01\/E-09-B\u00e9ryllium-10-V13-ETALO.jpg 1920w\" sizes=\"(max-width: 450px) 100vw, 450px\" \/><\/a><\/h5>\n<h5>SICILIUM<\/h5>\n<h5><a href=\"https:\/\/education.francetv.fr\/matiere\/physique-chimie\/cinquieme\/video\/le-silicium\" target=\"_blank\" rel=\"noopener noreferrer\"><img loading=\"lazy\" class=\"alignnone wp-image-498\" src=\"https:\/\/visions-of-dystopia.com\/wp-content\/uploads\/2019\/01\/E-10-Silicium-V13-ETALO-1024x435.jpg\" alt=\"\" width=\"450\" height=\"191\" srcset=\"https:\/\/visions-of-dystopia.com\/wp-content\/uploads\/2019\/01\/E-10-Silicium-V13-ETALO-1024x435.jpg 1024w, https:\/\/visions-of-dystopia.com\/wp-content\/uploads\/2019\/01\/E-10-Silicium-V13-ETALO-300x128.jpg 300w, https:\/\/visions-of-dystopia.com\/wp-content\/uploads\/2019\/01\/E-10-Silicium-V13-ETALO-768x326.jpg 768w, https:\/\/visions-of-dystopia.com\/wp-content\/uploads\/2019\/01\/E-10-Silicium-V13-ETALO.jpg 1920w\" sizes=\"(max-width: 450px) 100vw, 450px\" \/><\/a><\/h5>\n<h5>NICKEL<\/h5>\n<p><a href=\"https:\/\/education.francetv.fr\/matiere\/physique-chimie\/cinquieme\/video\/le-nickel\" target=\"_blank\" rel=\"noopener noreferrer\"><img loading=\"lazy\" class=\"alignnone wp-image-509\" src=\"https:\/\/visions-of-dystopia.com\/wp-content\/uploads\/2019\/01\/E-12-Nickel-V12-ETALO-300x128.jpg\" alt=\"\" width=\"450\" height=\"191\" srcset=\"https:\/\/visions-of-dystopia.com\/wp-content\/uploads\/2019\/01\/E-12-Nickel-V12-ETALO-300x128.jpg 300w, https:\/\/visions-of-dystopia.com\/wp-content\/uploads\/2019\/01\/E-12-Nickel-V12-ETALO-768x326.jpg 768w, https:\/\/visions-of-dystopia.com\/wp-content\/uploads\/2019\/01\/E-12-Nickel-V12-ETALO-1024x435.jpg 1024w, https:\/\/visions-of-dystopia.com\/wp-content\/uploads\/2019\/01\/E-12-Nickel-V12-ETALO.jpg 1920w\" sizes=\"(max-width: 450px) 100vw, 450px\" \/><\/a><\/p>\n<h5>HELIUM \/ AZOTE<\/h5>\n<p><a href=\"https:\/\/education.francetv.fr\/matiere\/physique-chimie\/cinquieme\/video\/l-helium\" target=\"_blank\" rel=\"noopener noreferrer\"><img loading=\"lazy\" class=\"alignnone wp-image-499\" src=\"https:\/\/visions-of-dystopia.com\/wp-content\/uploads\/2019\/01\/E-13-H\u00e9lium-Azote-V13-ETALO-300x128.jpg\" alt=\"\" width=\"450\" height=\"191\" srcset=\"https:\/\/visions-of-dystopia.com\/wp-content\/uploads\/2019\/01\/E-13-H\u00e9lium-Azote-V13-ETALO-300x128.jpg 300w, https:\/\/visions-of-dystopia.com\/wp-content\/uploads\/2019\/01\/E-13-H\u00e9lium-Azote-V13-ETALO-768x326.jpg 768w, https:\/\/visions-of-dystopia.com\/wp-content\/uploads\/2019\/01\/E-13-H\u00e9lium-Azote-V13-ETALO-1024x435.jpg 1024w, https:\/\/visions-of-dystopia.com\/wp-content\/uploads\/2019\/01\/E-13-H\u00e9lium-Azote-V13-ETALO.jpg 1920w\" sizes=\"(max-width: 450px) 100vw, 450px\" \/><\/a><\/p>\n<h5>EUROPIUM<\/h5>\n<p><a href=\"https:\/\/education.francetv.fr\/matiere\/physique-chimie\/cinquieme\/video\/l-europium\" target=\"_blank\" rel=\"noopener noreferrer\"><img loading=\"lazy\" class=\"alignnone wp-image-500\" src=\"https:\/\/visions-of-dystopia.com\/wp-content\/uploads\/2019\/01\/E-14-Europium-300x128.jpg\" alt=\"\" width=\"450\" height=\"191\" srcset=\"https:\/\/visions-of-dystopia.com\/wp-content\/uploads\/2019\/01\/E-14-Europium-300x128.jpg 300w, https:\/\/visions-of-dystopia.com\/wp-content\/uploads\/2019\/01\/E-14-Europium-768x326.jpg 768w, https:\/\/visions-of-dystopia.com\/wp-content\/uploads\/2019\/01\/E-14-Europium-1024x435.jpg 1024w, https:\/\/visions-of-dystopia.com\/wp-content\/uploads\/2019\/01\/E-14-Europium.jpg 1920w\" sizes=\"(max-width: 450px) 100vw, 450px\" \/><\/a><\/p>\n<h5>TERBIUM<\/h5>\n<p><a href=\"https:\/\/education.francetv.fr\/matiere\/physique-chimie\/cinquieme\/video\/le-terbium\" target=\"_blank\" rel=\"noopener noreferrer\"><img loading=\"lazy\" class=\"alignnone wp-image-501\" src=\"https:\/\/visions-of-dystopia.com\/wp-content\/uploads\/2019\/01\/E-15-Terbium-V12-ETALO-300x128.jpg\" alt=\"\" width=\"450\" height=\"191\" srcset=\"https:\/\/visions-of-dystopia.com\/wp-content\/uploads\/2019\/01\/E-15-Terbium-V12-ETALO-300x128.jpg 300w, https:\/\/visions-of-dystopia.com\/wp-content\/uploads\/2019\/01\/E-15-Terbium-V12-ETALO-768x326.jpg 768w, https:\/\/visions-of-dystopia.com\/wp-content\/uploads\/2019\/01\/E-15-Terbium-V12-ETALO-1024x435.jpg 1024w, https:\/\/visions-of-dystopia.com\/wp-content\/uploads\/2019\/01\/E-15-Terbium-V12-ETALO.jpg 1920w\" sizes=\"(max-width: 450px) 100vw, 450px\" \/><\/a><\/p>\n<h5>CALCIUM<\/h5>\n<p><a href=\"https:\/\/education.francetv.fr\/matiere\/physique-chimie\/cinquieme\/video\/le-calcium\" target=\"_blank\" rel=\"noopener noreferrer\"><img loading=\"lazy\" class=\"alignnone wp-image-511\" src=\"https:\/\/visions-of-dystopia.com\/wp-content\/uploads\/2019\/01\/E-16-Calcium-V13-ETALO-300x128.jpg\" alt=\"\" width=\"450\" height=\"191\" srcset=\"https:\/\/visions-of-dystopia.com\/wp-content\/uploads\/2019\/01\/E-16-Calcium-V13-ETALO-300x128.jpg 300w, https:\/\/visions-of-dystopia.com\/wp-content\/uploads\/2019\/01\/E-16-Calcium-V13-ETALO-768x326.jpg 768w, https:\/\/visions-of-dystopia.com\/wp-content\/uploads\/2019\/01\/E-16-Calcium-V13-ETALO-1024x435.jpg 1024w, https:\/\/visions-of-dystopia.com\/wp-content\/uploads\/2019\/01\/E-16-Calcium-V13-ETALO.jpg 1920w\" sizes=\"(max-width: 450px) 100vw, 450px\" \/><\/a><\/p>\n<h5>CARBONE<\/h5>\n<p><a href=\"https:\/\/education.francetv.fr\/matiere\/physique-chimie\/cinquieme\/video\/le-carbone\" target=\"_blank\" rel=\"noopener noreferrer\"><img loading=\"lazy\" class=\"alignnone wp-image-502\" src=\"https:\/\/visions-of-dystopia.com\/wp-content\/uploads\/2019\/01\/E-17-Carbone-V12-ETALO-300x128.jpg\" alt=\"\" width=\"450\" height=\"191\" srcset=\"https:\/\/visions-of-dystopia.com\/wp-content\/uploads\/2019\/01\/E-17-Carbone-V12-ETALO-300x128.jpg 300w, https:\/\/visions-of-dystopia.com\/wp-content\/uploads\/2019\/01\/E-17-Carbone-V12-ETALO-768x326.jpg 768w, https:\/\/visions-of-dystopia.com\/wp-content\/uploads\/2019\/01\/E-17-Carbone-V12-ETALO-1024x435.jpg 1024w, https:\/\/visions-of-dystopia.com\/wp-content\/uploads\/2019\/01\/E-17-Carbone-V12-ETALO.jpg 1920w\" sizes=\"(max-width: 450px) 100vw, 450px\" \/><\/a><\/p>\n<h5>LITHIUM<\/h5>\n<p><a href=\"https:\/\/www.lumni.fr\/video\/le-lithium\" target=\"_blank\" rel=\"noopener noreferrer\"><img loading=\"lazy\" class=\"alignnone wp-image-510\" src=\"https:\/\/visions-of-dystopia.com\/wp-content\/uploads\/2019\/01\/E-19-Lithium-V15-ETALO-300x128.jpg\" alt=\"\" width=\"450\" height=\"191\" srcset=\"https:\/\/visions-of-dystopia.com\/wp-content\/uploads\/2019\/01\/E-19-Lithium-V15-ETALO-300x128.jpg 300w, https:\/\/visions-of-dystopia.com\/wp-content\/uploads\/2019\/01\/E-19-Lithium-V15-ETALO-768x326.jpg 768w, https:\/\/visions-of-dystopia.com\/wp-content\/uploads\/2019\/01\/E-19-Lithium-V15-ETALO-1024x435.jpg 1024w, https:\/\/visions-of-dystopia.com\/wp-content\/uploads\/2019\/01\/E-19-Lithium-V15-ETALO.jpg 1920w\" sizes=\"(max-width: 450px) 100vw, 450px\" \/><\/a><\/p>\n<h5>MEND\u00c9L\u00c9VIUM<\/h5>\n<p><a href=\"https:\/\/education.francetv.fr\/matiere\/physique-chimie\/cinquieme\/video\/le-mendelevium\" target=\"_blank\" rel=\"noopener noreferrer\"><img loading=\"lazy\" class=\"alignnone wp-image-503\" src=\"https:\/\/visions-of-dystopia.com\/wp-content\/uploads\/2019\/01\/E-27-Mendelevium-V12-ETALO-300x128.jpg\" alt=\"\" width=\"450\" height=\"191\" srcset=\"https:\/\/visions-of-dystopia.com\/wp-content\/uploads\/2019\/01\/E-27-Mendelevium-V12-ETALO-300x128.jpg 300w, https:\/\/visions-of-dystopia.com\/wp-content\/uploads\/2019\/01\/E-27-Mendelevium-V12-ETALO-768x326.jpg 768w, https:\/\/visions-of-dystopia.com\/wp-content\/uploads\/2019\/01\/E-27-Mendelevium-V12-ETALO-1024x435.jpg 1024w, https:\/\/visions-of-dystopia.com\/wp-content\/uploads\/2019\/01\/E-27-Mendelevium-V12-ETALO.jpg 1920w\" sizes=\"(max-width: 450px) 100vw, 450px\" \/><\/a><\/p>\n<h5>OR<\/h5>\n<p><a href=\"https:\/\/education.francetv.fr\/matiere\/physique-chimie\/cinquieme\/video\/l-or\" target=\"_blank\" rel=\"noopener noreferrer\"><img loading=\"lazy\" class=\"alignnone wp-image-507\" src=\"https:\/\/visions-of-dystopia.com\/wp-content\/uploads\/2019\/01\/E-28-Or-V12-ETALO-300x128.jpg\" alt=\"\" width=\"450\" height=\"191\" srcset=\"https:\/\/visions-of-dystopia.com\/wp-content\/uploads\/2019\/01\/E-28-Or-V12-ETALO-300x128.jpg 300w, https:\/\/visions-of-dystopia.com\/wp-content\/uploads\/2019\/01\/E-28-Or-V12-ETALO-768x326.jpg 768w, https:\/\/visions-of-dystopia.com\/wp-content\/uploads\/2019\/01\/E-28-Or-V12-ETALO-1024x435.jpg 1024w, https:\/\/visions-of-dystopia.com\/wp-content\/uploads\/2019\/01\/E-28-Or-V12-ETALO.jpg 1920w\" sizes=\"(max-width: 450px) 100vw, 450px\" \/><\/a><\/p>\n<h5>N\u00c9ODYME<\/h5>\n<p><a href=\"https:\/\/education.francetv.fr\/matiere\/physique-chimie\/cinquieme\/video\/le-neodyme\" target=\"_blank\" rel=\"noopener noreferrer\"><img loading=\"lazy\" class=\"alignnone wp-image-504\" src=\"https:\/\/visions-of-dystopia.com\/wp-content\/uploads\/2019\/01\/E-30-Neodyme-V12-ETALO-300x128.jpg\" alt=\"\" width=\"450\" height=\"191\" srcset=\"https:\/\/visions-of-dystopia.com\/wp-content\/uploads\/2019\/01\/E-30-Neodyme-V12-ETALO-300x128.jpg 300w, https:\/\/visions-of-dystopia.com\/wp-content\/uploads\/2019\/01\/E-30-Neodyme-V12-ETALO-768x326.jpg 768w, https:\/\/visions-of-dystopia.com\/wp-content\/uploads\/2019\/01\/E-30-Neodyme-V12-ETALO-1024x435.jpg 1024w, https:\/\/visions-of-dystopia.com\/wp-content\/uploads\/2019\/01\/E-30-Neodyme-V12-ETALO.jpg 1920w\" sizes=\"(max-width: 450px) 100vw, 450px\" \/><\/a><\/p>\n<h5>ROAD TRIP&nbsp;<span class=\"Style138\">LONDRES : L&rsquo;AME DES ATOMES&nbsp;<\/span><\/h5>\n<p><a href=\"https:\/\/youtu.be\/RWwgRkUM2AI\" target=\"_blank\" rel=\"noopener noreferrer\"><img loading=\"lazy\" class=\"alignnone wp-image-506\" src=\"https:\/\/visions-of-dystopia.com\/wp-content\/uploads\/2019\/01\/E-22-Londres-300x128.jpg\" alt=\"\" width=\"450\" height=\"191\" srcset=\"https:\/\/visions-of-dystopia.com\/wp-content\/uploads\/2019\/01\/E-22-Londres-300x128.jpg 300w, https:\/\/visions-of-dystopia.com\/wp-content\/uploads\/2019\/01\/E-22-Londres-768x326.jpg 768w, https:\/\/visions-of-dystopia.com\/wp-content\/uploads\/2019\/01\/E-22-Londres-1024x435.jpg 1024w, https:\/\/visions-of-dystopia.com\/wp-content\/uploads\/2019\/01\/E-22-Londres.jpg 1920w\" sizes=\"(max-width: 450px) 100vw, 450px\" \/><\/a><\/p>\n","protected":false},"excerpt":{"rendered":"<p>Court m\u00e9trage BREACH de ArtFX (2020) Bande annonce du long m\u00e9trage de Baptiste Rouveure, Les animaux anonymes (2020) : r\u00e9compens\u00e9 au ScreamFest en 2020 dans la cat\u00e9gorie meilleure bande originale. ScreamFest 2020 : meilleure bande originale et meilleur montage pour les Animaux Anonymes ! Court m\u00e9trage AstrallStory de Virginia Bach (2020) Court m\u00e9trage de Virginia [&hellip;]<\/p>\n","protected":false},"author":1,"featured_media":0,"parent":0,"menu_order":0,"comment_status":"closed","ping_status":"closed","template":"","meta":{"ngg_post_thumbnail":0},"_links":{"self":[{"href":"https:\/\/visions-of-dystopia.com\/index.php?rest_route=\/wp\/v2\/pages\/1054"}],"collection":[{"href":"https:\/\/visions-of-dystopia.com\/index.php?rest_route=\/wp\/v2\/pages"}],"about":[{"href":"https:\/\/visions-of-dystopia.com\/index.php?rest_route=\/wp\/v2\/types\/page"}],"author":[{"embeddable":true,"href":"https:\/\/visions-of-dystopia.com\/index.php?rest_route=\/wp\/v2\/users\/1"}],"replies":[{"embeddable":true,"href":"https:\/\/visions-of-dystopia.com\/index.php?rest_route=%2Fwp%2Fv2%2Fcomments&post=1054"}],"version-history":[{"count":19,"href":"https:\/\/visions-of-dystopia.com\/index.php?rest_route=\/wp\/v2\/pages\/1054\/revisions"}],"predecessor-version":[{"id":1869,"href":"https:\/\/visions-of-dystopia.com\/index.php?rest_route=\/wp\/v2\/pages\/1054\/revisions\/1869"}],"wp:attachment":[{"href":"https:\/\/visions-of-dystopia.com\/index.php?rest_route=%2Fwp%2Fv2%2Fmedia&parent=1054"}],"curies":[{"name":"wp","href":"https:\/\/api.w.org\/{rel}","templated":true}]}}