{"id":1057,"date":"2020-08-14T17:06:53","date_gmt":"2020-08-14T15:06:53","guid":{"rendered":"http:\/\/visions-of-dystopia.com\/?page_id=1057"},"modified":"2022-11-21T16:05:43","modified_gmt":"2022-11-21T15:05:43","slug":"bandes-annonces","status":"publish","type":"page","link":"https:\/\/visions-of-dystopia.com\/?page_id=1057","title":{"rendered":"AUDIOVISUEL &#038; PUBLICITE"},"content":{"rendered":"<p>Bande annonce Starwars (concours de compositeurs, 2022)<\/p>\n<p><iframe loading=\"lazy\" title=\"The Rise Of Skywalker - Score Trailer Challenge\" width=\"640\" height=\"360\" src=\"https:\/\/www.youtube.com\/embed\/0rMFY47hHSc?feature=oembed\" frameborder=\"0\" allow=\"accelerometer; autoplay; clipboard-write; encrypted-media; gyroscope; picture-in-picture\" allowfullscreen><\/iframe><\/p>\n<p>Bande annonce de l&rsquo;album<strong> \u00ab\u00a0Collapse Chronicles: The Nine Chapters\u00a0\u00bb <\/strong>(2022)<\/p>\n<p><iframe loading=\"lazy\" title=\"&quot;Collapse Chronicles: The Nine Chapters&quot; NEW ALBUM (2022)\" width=\"640\" height=\"360\" src=\"https:\/\/www.youtube.com\/embed\/pMsB_lp9Sbo?feature=oembed\" frameborder=\"0\" allow=\"accelerometer; autoplay; clipboard-write; encrypted-media; gyroscope; picture-in-picture\" allowfullscreen><\/iframe><\/p>\n<p><strong>Bande annonce, <\/strong>album m\u00e9tal progressif (2021)<\/p>\n<p><iframe loading=\"lazy\" title=\"&quot;A Nightmare On Dystopian Street&quot; album 2021 teaser 3 (Visions Of Dystopia)\" width=\"640\" height=\"360\" src=\"https:\/\/www.youtube.com\/embed\/T736keMdCdo?feature=oembed\" frameborder=\"0\" allow=\"accelerometer; autoplay; clipboard-write; encrypted-media; gyroscope; picture-in-picture\" allowfullscreen><\/iframe><\/p>\n<p>Court m\u00e9trage,<strong> BREACH, <\/strong>ArtFX (2020)<\/p>\n<p><iframe loading=\"lazy\" title=\"\/\/ ARTFX OFFICIAL \/\/ BREACH\" width=\"640\" height=\"360\" src=\"https:\/\/www.youtube.com\/embed\/Tz3dViUgBSI?feature=oembed\" frameborder=\"0\" allow=\"accelerometer; autoplay; clipboard-write; encrypted-media; gyroscope; picture-in-picture\" allowfullscreen><\/iframe><\/p>\n<p><strong>Publicit\u00e9,<\/strong> artiste sculpteur (2020)<\/p>\n<p><iframe loading=\"lazy\" title=\"The last wizard (Visions Of Dystopia)\" width=\"640\" height=\"360\" src=\"https:\/\/www.youtube.com\/embed\/ohmnsmj8Ctk?feature=oembed\" frameborder=\"0\" allow=\"accelerometer; autoplay; clipboard-write; encrypted-media; gyroscope; picture-in-picture\" allowfullscreen><\/iframe><\/p>\n<p><strong>Bande annonce,<\/strong> <strong><a href=\"https:\/\/www.youtube.com\/user\/derek21000\" target=\"_blank\" rel=\"noopener noreferrer\">Spirit XperienZ<\/a> <\/strong>S04EP02 (cha\u00eene Youtube 2020)<\/p>\n<p><iframe loading=\"lazy\" title=\"TEASER - Chasseurs de fant\u00f4mes - S04EP02\/03 - Le Manoir du Satyre\" width=\"640\" height=\"360\" src=\"https:\/\/www.youtube.com\/embed\/NJvG_bQ3sdY?feature=oembed\" frameborder=\"0\" allow=\"accelerometer; autoplay; clipboard-write; encrypted-media; gyroscope; picture-in-picture\" allowfullscreen><\/iframe><\/p>\n<p><strong>Bande annonce,<\/strong> <strong><a href=\"https:\/\/www.youtube.com\/user\/derek21000\" target=\"_blank\" rel=\"noopener noreferrer\">Spirit XperienZ<\/a><\/strong> S04EP01 (cha\u00eene Youtube 2020)<\/p>\n<p><iframe loading=\"lazy\" title=\"TEASER - Chasseurs de fant\u00f4mes - S04EP01 - Le Manoir de l&#039;Empailleur\" width=\"640\" height=\"360\" src=\"https:\/\/www.youtube.com\/embed\/EQAkz1tejyE?feature=oembed\" frameborder=\"0\" allow=\"accelerometer; autoplay; clipboard-write; encrypted-media; gyroscope; picture-in-picture\" allowfullscreen><\/iframe><\/p>\n<p><strong>Bande annonce,<\/strong> BD <strong><a href=\"https:\/\/www.facebook.com\/herimotus\/\" target=\"_blank\" rel=\"noopener noreferrer\">Unit\u00e9-Z<\/a><\/strong>(mOTUS, Heri Shinato, 2020)<\/p>\n<p><iframe loading=\"lazy\" title=\"Teaser BD Unit\u00e9 Z (mOTUS, Heri Shinato)\" width=\"640\" height=\"360\" src=\"https:\/\/www.youtube.com\/embed\/SvQB6sFYG1w?feature=oembed\" frameborder=\"0\" allow=\"accelerometer; autoplay; clipboard-write; encrypted-media; gyroscope; picture-in-picture\" allowfullscreen><\/iframe><\/p>\n<p><strong>Bande annonce, <span style=\"color: #ff6600;\"><a href=\"https:\/\/www.youtube.com\/user\/derek21000\" target=\"_blank\" rel=\"noopener noreferrer\"><span style=\"color: #ff6600;\">Spirit XperienZ<\/span><\/a><\/span><\/strong> S03EP7\/8 (cha\u00eene Youtube 2020)<strong><br><\/strong><\/p>\n<p><iframe loading=\"lazy\" title=\"TEASER - Chasseurs de fant\u00f4mes - S03EP07\/08 - Le Ch\u00e2teau du Sage\" width=\"640\" height=\"360\" src=\"https:\/\/www.youtube.com\/embed\/WlH5iQCdIl4?feature=oembed\" frameborder=\"0\" allow=\"accelerometer; autoplay; clipboard-write; encrypted-media; gyroscope; picture-in-picture\" allowfullscreen><\/iframe><\/p>\n<p><strong>Publicit\u00e9,<\/strong> <a href=\"http:\/\/www.lagrangeproduction.fr\" target=\"_blank\" rel=\"noopener noreferrer\">La Grange Production<\/a> (2019)<\/p>\n<p><iframe loading=\"lazy\" title=\"Mamie se fait cambrioler\" src=\"https:\/\/player.vimeo.com\/video\/302033184?h=886c946831&amp;dnt=1&amp;app_id=122963\" width=\"640\" height=\"360\" frameborder=\"0\" allow=\"autoplay; fullscreen; picture-in-picture\" allowfullscreen><\/iframe><\/p>\n<p>&nbsp;<\/p>\n\n\n<p><\/p>\n","protected":false},"excerpt":{"rendered":"<p>Bande annonce Starwars (concours de compositeurs, 2022) Bande annonce de l&rsquo;album \u00ab\u00a0Collapse Chronicles: The Nine Chapters\u00a0\u00bb (2022) Bande annonce, album m\u00e9tal progressif (2021) Court m\u00e9trage, BREACH, ArtFX (2020) Publicit\u00e9, artiste sculpteur (2020) Bande annonce, Spirit XperienZ S04EP02 (cha\u00eene Youtube 2020) Bande annonce, Spirit XperienZ S04EP01 (cha\u00eene Youtube 2020) Bande annonce, BD Unit\u00e9-Z(mOTUS, Heri Shinato, 2020) [&hellip;]<\/p>\n","protected":false},"author":1,"featured_media":0,"parent":0,"menu_order":0,"comment_status":"closed","ping_status":"closed","template":"","meta":{"ngg_post_thumbnail":0},"_links":{"self":[{"href":"https:\/\/visions-of-dystopia.com\/index.php?rest_route=\/wp\/v2\/pages\/1057"}],"collection":[{"href":"https:\/\/visions-of-dystopia.com\/index.php?rest_route=\/wp\/v2\/pages"}],"about":[{"href":"https:\/\/visions-of-dystopia.com\/index.php?rest_route=\/wp\/v2\/types\/page"}],"author":[{"embeddable":true,"href":"https:\/\/visions-of-dystopia.com\/index.php?rest_route=\/wp\/v2\/users\/1"}],"replies":[{"embeddable":true,"href":"https:\/\/visions-of-dystopia.com\/index.php?rest_route=%2Fwp%2Fv2%2Fcomments&post=1057"}],"version-history":[{"count":25,"href":"https:\/\/visions-of-dystopia.com\/index.php?rest_route=\/wp\/v2\/pages\/1057\/revisions"}],"predecessor-version":[{"id":2170,"href":"https:\/\/visions-of-dystopia.com\/index.php?rest_route=\/wp\/v2\/pages\/1057\/revisions\/2170"}],"wp:attachment":[{"href":"https:\/\/visions-of-dystopia.com\/index.php?rest_route=%2Fwp%2Fv2%2Fmedia&parent=1057"}],"curies":[{"name":"wp","href":"https:\/\/api.w.org\/{rel}","templated":true}]}}