{"id":1059,"date":"2020-08-14T17:11:38","date_gmt":"2020-08-14T15:11:38","guid":{"rendered":"http:\/\/visions-of-dystopia.com\/?page_id=1059"},"modified":"2022-11-10T16:56:16","modified_gmt":"2022-11-10T15:56:16","slug":"albums","status":"publish","type":"page","link":"https:\/\/visions-of-dystopia.com\/","title":{"rendered":"ALBUMS"},"content":{"rendered":"<p align=\"justify\"><strong>\u00ab\u00a0Artificial Feeling\u00a0\u00bb, single de l&rsquo;album \u00ab\u00a0Collapse Chronicles\u00a0\u00bb<\/strong><\/p>\n<p><iframe loading=\"lazy\" title=\"Artificial Feeling (Visions Of Dystopia)\" width=\"640\" height=\"360\" src=\"https:\/\/www.youtube.com\/embed\/lP7_3BCUB90?feature=oembed\" frameborder=\"0\" allow=\"accelerometer; autoplay; clipboard-write; encrypted-media; gyroscope; picture-in-picture\" allowfullscreen><\/iframe><\/p>\n<p align=\"justify\"><strong>\u00ab\u00a0Collapse Chronicles: The Nine Chapters\u00a0\u00bb<\/strong> album complet (2022). Album inspir\u00e9 de c\u00e9l\u00e8bres films de science-fiction. Les diff\u00e9rents morceaux ont \u00e9t\u00e9 compos\u00e9s dans le but cr\u00e9er un environnement sonore ou la musique s&rsquo;articule autour de dialogues extraits des films r\u00e9f\u00e9rences.&nbsp;&nbsp;<\/p>\n<p><iframe loading=\"lazy\" title=\"COLLAPSE CHRONICLES: THE NINE CHAPTERS (Full Album)\" width=\"640\" height=\"360\" src=\"https:\/\/www.youtube.com\/embed\/1JjsD9Kp96s?feature=oembed\" frameborder=\"0\" allow=\"accelerometer; autoplay; clipboard-write; encrypted-media; gyroscope; picture-in-picture\" allowfullscreen><\/iframe><\/p>\n<p align=\"justify\"><strong>\u00ab\u00a0Unit\u00e9 Z\u00a0\u00bb<\/strong> album complet (2022). Album compos\u00e9 avec la m\u00eame d\u00e9marche que pour la composition d\u2019une musique de film. Les diff\u00e9rents titres musicaux ont \u00e9t\u00e9 compos\u00e9s en suivant la chronologie des \u00e9v\u00e8nements. Des th\u00e8mes ont \u00e9t\u00e9 d\u00e9velopp\u00e9s en fonction de l\u2019apparition des personnages dans les sc\u00e8nes et des situations auxquelles ils sont confront\u00e9s.&nbsp;&nbsp;<\/p>\n<p><iframe loading=\"lazy\" title=\"UNITE-Z\" width=\"640\" height=\"360\" src=\"https:\/\/www.youtube.com\/embed\/videoseries?list=PLLoZ2l5yZko9s1191FOERMK9sKOFO1qJh\" frameborder=\"0\" allow=\"accelerometer; autoplay; clipboard-write; encrypted-media; gyroscope; picture-in-picture\" allowfullscreen><\/iframe><\/p>\n<p align=\"justify\"><strong>\u00ab\u00a0A Nightmare On Dystopian Street\u00a0\u00bb,<\/strong> <a href=\"https:\/\/backl.ink\/144648274?fbclid=IwAR30cXKr4cjmd8V8GCG2TcNpw_HGdF3_6Zyw7-q_XmD621Z3Te-XMMTMr8w\" target=\"_blank\" rel=\"noopener\">disponible sur les plateformes <\/a>via le label <a href=\"https:\/\/www.m-o-music.com\/site-metal\/\" target=\"_blank\" rel=\"noopener\">M&amp;O Music.<\/a> Album d\u00e9veloppant des morceaux \u00e9nergiques et sombres sur une toile de fond inspir\u00e9e de films d\u2019horreur cultes. La musique et le design sonore de chaque titre ont \u00e9t\u00e9 con\u00e7us pour plonger l\u2019auditeur dans l\u2019univers angoissant des plus grands \u00ab m\u00e9chants \u00bb du cin\u00e9ma d\u2019horreur.&nbsp;&nbsp;<\/p>\n<p align=\"justify\">Album complet (2021)<\/p>\n<p><iframe loading=\"lazy\" title=\"A NIGHTMARE ON DYSTOPIAN STREET (Cinematic Prog Metal album)\" width=\"640\" height=\"360\" src=\"https:\/\/www.youtube.com\/embed\/videoseries?list=PLLoZ2l5yZko8xo8f-l-NINSf_W1J5qfeZ\" frameborder=\"0\" allow=\"accelerometer; autoplay; clipboard-write; encrypted-media; gyroscope; picture-in-picture\" allowfullscreen><\/iframe><\/p>\n\n\n<p>Dossier Presse de l&rsquo;album<\/p>\n\n\n\n<figure class=\"wp-block-image size-full is-resized\"><a href=\"https:\/\/visions-of-dystopia.com\/wp-content\/uploads\/2021\/11\/VOD-PressBook-Octobre2021.pdf\" target=\"_blank\" rel=\"noopener\"><img loading=\"lazy\" src=\"https:\/\/visions-of-dystopia.com\/wp-content\/uploads\/2021\/11\/Capture-de\u0301cran-2021-11-05-a\u0300-17.18.28.png\" alt=\"\" class=\"wp-image-1664\" width=\"423\" height=\"612\" srcset=\"https:\/\/visions-of-dystopia.com\/wp-content\/uploads\/2021\/11\/Capture-de\u0301cran-2021-11-05-a\u0300-17.18.28.png 573w, https:\/\/visions-of-dystopia.com\/wp-content\/uploads\/2021\/11\/Capture-de\u0301cran-2021-11-05-a\u0300-17.18.28-207x300.png 207w\" sizes=\"(max-width: 423px) 100vw, 423px\" \/><\/a><\/figure>\n\n\n<p><strong>\u00ab\u00a0Chaos &amp; Fear\u00a0\u00bb<\/strong> EP complet (2020). EP m\u00e9langeant des ambiances orchestrales et m\u00e9tal.<\/p>\n<p><iframe loading=\"lazy\" title=\"CHAOS AND FEAR (Full EP)\" width=\"640\" height=\"360\" src=\"https:\/\/www.youtube.com\/embed\/LrVzlyLX7PQ?feature=oembed\" frameborder=\"0\" allow=\"accelerometer; autoplay; clipboard-write; encrypted-media; gyroscope; picture-in-picture\" allowfullscreen><\/iframe><\/p>\n<p>Single<strong> Chaosphere<\/strong> de l&rsquo;EP \u00ab\u00a0Chaos &amp; Fear\u00a0\u00bb (2020)<\/p>\n<p><iframe loading=\"lazy\" title=\"Chaosphere (Visions Of Dystopia)\" width=\"640\" height=\"360\" src=\"https:\/\/www.youtube.com\/embed\/xkzjfAuYyk4?feature=oembed\" frameborder=\"0\" allow=\"accelerometer; autoplay; clipboard-write; encrypted-media; gyroscope; picture-in-picture\" allowfullscreen><\/iframe><\/p>\n<p>Single<strong> Dusk Of Dawn<\/strong> de l&rsquo;EP \u00ab\u00a0Chaos &amp; Fear\u00a0\u00bb (2020)<\/p>\n<p><iframe loading=\"lazy\" title=\"Dusk of Dawn (Visions of Dystopia)\" width=\"640\" height=\"360\" src=\"https:\/\/www.youtube.com\/embed\/CGb2Rr596Ro?feature=oembed\" frameborder=\"0\" allow=\"accelerometer; autoplay; clipboard-write; encrypted-media; gyroscope; picture-in-picture\" allowfullscreen><\/iframe><\/p>\n<p><strong>\u00ab\u00a0Cyborgs Awakening\u00a0\u00bb<\/strong> album complet (2019). Album \u00e9lectro-orchestral int\u00e9grant du design sonore.<\/p>\n<p><iframe loading=\"lazy\" title=\"CYBORGS AWAKENING (Full Album)\" width=\"640\" height=\"360\" src=\"https:\/\/www.youtube.com\/embed\/A9ChxNsKaQw?feature=oembed\" frameborder=\"0\" allow=\"accelerometer; autoplay; clipboard-write; encrypted-media; gyroscope; picture-in-picture\" allowfullscreen><\/iframe><\/p>\n<p>Single<strong> Red Alert<\/strong> de l&rsquo;album <a href=\"https:\/\/visions-of-dystopia.com\/?page_id=226\" target=\"_blank\" rel=\"noopener noreferrer\">Cyborgs Awakening<\/a> (2019)<\/p>\n<p><iframe loading=\"lazy\" title=\"Red Alert From Cyborgs Awakening (Visions Of Dystopia)\" width=\"640\" height=\"360\" src=\"https:\/\/www.youtube.com\/embed\/ygQ5APxoyfY?feature=oembed\" frameborder=\"0\" allow=\"accelerometer; autoplay; clipboard-write; encrypted-media; gyroscope; picture-in-picture\" allowfullscreen><\/iframe><\/p>\n<p>Single Cyborg 2.0 de l&rsquo;album <a href=\"https:\/\/visions-of-dystopia.com\/?page_id=226\" target=\"_blank\" rel=\"noopener noreferrer\">Cyborgs Awakening<\/a> (2019)<\/p>\n<p><iframe loading=\"lazy\" title=\"CYBORG 2.0 (Visions Of Dystopia)\" width=\"640\" height=\"360\" src=\"https:\/\/www.youtube.com\/embed\/Mfn0wGSrTT0?feature=oembed\" frameborder=\"0\" allow=\"accelerometer; autoplay; clipboard-write; encrypted-media; gyroscope; picture-in-picture\" allowfullscreen><\/iframe><\/p>\n<p>Single <strong>World War Machines<\/strong> de l&rsquo;album <a href=\"https:\/\/visions-of-dystopia.com\/?page_id=226\" target=\"_blank\" rel=\"noopener noreferrer\">Cyborgs Awakening<\/a> (2019)<\/p>\n<p><iframe loading=\"lazy\" title=\"WORLD WAR MACHINES (Visions Of Dystopia)\" width=\"640\" height=\"360\" src=\"https:\/\/www.youtube.com\/embed\/OWrLJ2BwBh0?feature=oembed\" frameborder=\"0\" allow=\"accelerometer; autoplay; clipboard-write; encrypted-media; gyroscope; picture-in-picture\" allowfullscreen><\/iframe><\/p>\n<p><strong>\u00ab\u00a0Universal War\u00a0\u00bb<\/strong> album complet (2019). Album inspir\u00e9 de la bande dessin\u00e9e de Denis Bajram \u00ab\u00a0Universal War\u00a0\u00bb. Merci \u00e0 Denis Bajram pour la com autour de cet album : <a href=\"https:\/\/www.bajram.com\/2018\/12\/03\/universal-music\/\" target=\"_blank\" rel=\"noopener\">Universal Music<\/a>.<\/p>\n<p><iframe loading=\"lazy\" title=\"UNIVERSAL WAR (Full Album)\" width=\"640\" height=\"360\" src=\"https:\/\/www.youtube.com\/embed\/6-cNVfNbtOE?feature=oembed\" frameborder=\"0\" allow=\"accelerometer; autoplay; clipboard-write; encrypted-media; gyroscope; picture-in-picture\" allowfullscreen><\/iframe><\/p>\n<p>Single<strong> The Flood<\/strong> de l&rsquo;album \u00ab\u00a0Universal War\u00a0\u00bb (2019)<\/p>\n<p><iframe loading=\"lazy\" title=\"The Flood (Visions Of Dystopia)\" width=\"640\" height=\"360\" src=\"https:\/\/www.youtube.com\/embed\/flXzgkZ3v_E?feature=oembed\" frameborder=\"0\" allow=\"accelerometer; autoplay; clipboard-write; encrypted-media; gyroscope; picture-in-picture\" allowfullscreen><\/iframe><\/p>\n<p><strong>\u00ab\u00a0From the inside\u00a0\u00bb<\/strong> album complet (2018). Album inspir\u00e9 de vieux films d&rsquo;\u00e9pouvante.<\/p>\n<p><iframe loading=\"lazy\" title=\"FROM THE INSIDE (Full Album)\" width=\"640\" height=\"360\" src=\"https:\/\/www.youtube.com\/embed\/HhH41h-H5iA?feature=oembed\" frameborder=\"0\" allow=\"accelerometer; autoplay; clipboard-write; encrypted-media; gyroscope; picture-in-picture\" allowfullscreen><\/iframe><\/p>\n<p>Single<strong> From the inside<\/strong> de l&rsquo;album \u00ab\u00a0From the inside\u00a0\u00bb (2018)<\/p>\n<p><iframe loading=\"lazy\" title=\"Dark Spooky Music: &quot;From The Inside&quot; by Visions of Dystopia\" width=\"640\" height=\"360\" src=\"https:\/\/www.youtube.com\/embed\/EY_RmqGMyOM?feature=oembed\" frameborder=\"0\" allow=\"accelerometer; autoplay; clipboard-write; encrypted-media; gyroscope; picture-in-picture\" allowfullscreen><\/iframe><\/p>\n<p>Single<strong> Thelma&rsquo;s Dream<\/strong> de l&rsquo;album \u00ab\u00a0From the inside\u00a0\u00bb (2018)<\/p>\n<p><iframe loading=\"lazy\" title=\"Beautiful Fantasy Music: &quot;Thelma&#039;s Dream&quot; by Visions of Dystopia\" width=\"640\" height=\"360\" src=\"https:\/\/www.youtube.com\/embed\/4xa9EiY7eFI?feature=oembed\" frameborder=\"0\" allow=\"accelerometer; autoplay; clipboard-write; encrypted-media; gyroscope; picture-in-picture\" allowfullscreen><\/iframe><\/p>","protected":false},"excerpt":{"rendered":"<p>\u00ab\u00a0Artificial Feeling\u00a0\u00bb, single de l&rsquo;album \u00ab\u00a0Collapse Chronicles\u00a0\u00bb \u00ab\u00a0Collapse Chronicles: The Nine Chapters\u00a0\u00bb album complet (2022). Album inspir\u00e9 de c\u00e9l\u00e8bres films de science-fiction. Les diff\u00e9rents morceaux ont \u00e9t\u00e9 compos\u00e9s dans le but cr\u00e9er un environnement sonore ou la musique s&rsquo;articule autour de dialogues extraits des films r\u00e9f\u00e9rences.&nbsp;&nbsp; \u00ab\u00a0Unit\u00e9 Z\u00a0\u00bb album complet (2022). Album compos\u00e9 avec la [&hellip;]<\/p>\n","protected":false},"author":1,"featured_media":0,"parent":0,"menu_order":0,"comment_status":"closed","ping_status":"closed","template":"","meta":{"ngg_post_thumbnail":0},"_links":{"self":[{"href":"https:\/\/visions-of-dystopia.com\/index.php?rest_route=\/wp\/v2\/pages\/1059"}],"collection":[{"href":"https:\/\/visions-of-dystopia.com\/index.php?rest_route=\/wp\/v2\/pages"}],"about":[{"href":"https:\/\/visions-of-dystopia.com\/index.php?rest_route=\/wp\/v2\/types\/page"}],"author":[{"embeddable":true,"href":"https:\/\/visions-of-dystopia.com\/index.php?rest_route=\/wp\/v2\/users\/1"}],"replies":[{"embeddable":true,"href":"https:\/\/visions-of-dystopia.com\/index.php?rest_route=%2Fwp%2Fv2%2Fcomments&post=1059"}],"version-history":[{"count":53,"href":"https:\/\/visions-of-dystopia.com\/index.php?rest_route=\/wp\/v2\/pages\/1059\/revisions"}],"predecessor-version":[{"id":2166,"href":"https:\/\/visions-of-dystopia.com\/index.php?rest_route=\/wp\/v2\/pages\/1059\/revisions\/2166"}],"wp:attachment":[{"href":"https:\/\/visions-of-dystopia.com\/index.php?rest_route=%2Fwp%2Fv2%2Fmedia&parent=1059"}],"curies":[{"name":"wp","href":"https:\/\/api.w.org\/{rel}","templated":true}]}}