{"id":214,"date":"2018-08-24T14:38:28","date_gmt":"2018-08-24T12:38:28","guid":{"rendered":"http:\/\/visions-of-dystopia.com\/?page_id=214"},"modified":"2022-08-29T09:11:44","modified_gmt":"2022-08-29T07:11:44","slug":"actus","status":"publish","type":"page","link":"https:\/\/visions-of-dystopia.com\/?page_id=214","title":{"rendered":"ACTUS"},"content":{"rendered":"<ul>\n<li>Sortie en DVD du film de Baptiste Rouveure, <strong>\u00ab\u00a0<\/strong><strong>Les Animaux Anonymes\u00a0\u00bb<\/strong><\/li>\n<\/ul>\n<p><a href=\"https:\/\/www.fnac.com\/a17098285\/Les-Animaux-anonymes-DVD-Aurelien-Chilarski-DVD-Zone-2\" target=\"_blank\" rel=\"noopener\"><img loading=\"lazy\" class=\"aligncenter wp-image-2014 size-large\" src=\"https:\/\/visions-of-dystopia.com\/wp-content\/uploads\/2022\/08\/AA-DVD-1-1024x538.jpg\" alt=\"\" width=\"640\" height=\"336\" srcset=\"https:\/\/visions-of-dystopia.com\/wp-content\/uploads\/2022\/08\/AA-DVD-1-1024x538.jpg 1024w, https:\/\/visions-of-dystopia.com\/wp-content\/uploads\/2022\/08\/AA-DVD-1-300x158.jpg 300w, https:\/\/visions-of-dystopia.com\/wp-content\/uploads\/2022\/08\/AA-DVD-1-768x403.jpg 768w, https:\/\/visions-of-dystopia.com\/wp-content\/uploads\/2022\/08\/AA-DVD-1.jpg 1200w\" sizes=\"(max-width: 640px) 100vw, 640px\" \/><\/a><\/p>\n<ul>\n<li data-wp-editing=\"1\">Bande originale du court-m\u00e9trage <strong>\u00ab\u00a0Ambigramme\u00a0\u00bb<\/strong> de Gian Nithardt<\/li>\n<\/ul>\n<p><a href=\"https:\/\/visions-of-dystopia.bandcamp.com\/album\/ambigramme-original-soundtrack\" target=\"_blank\" rel=\"noopener\"><img loading=\"lazy\" class=\"aligncenter wp-image-1998 size-large\" src=\"https:\/\/visions-of-dystopia.com\/wp-content\/uploads\/2022\/07\/a3315955227_10-1024x576.jpg\" alt=\"\" width=\"640\" height=\"360\" srcset=\"https:\/\/visions-of-dystopia.com\/wp-content\/uploads\/2022\/07\/a3315955227_10-1024x576.jpg 1024w, https:\/\/visions-of-dystopia.com\/wp-content\/uploads\/2022\/07\/a3315955227_10-300x169.jpg 300w, https:\/\/visions-of-dystopia.com\/wp-content\/uploads\/2022\/07\/a3315955227_10-768x432.jpg 768w, https:\/\/visions-of-dystopia.com\/wp-content\/uploads\/2022\/07\/a3315955227_10.jpg 1200w\" sizes=\"(max-width: 640px) 100vw, 640px\" \/><\/a><\/p>\n<ul>\n<li>Mise en ligne de notre album compos\u00e9 pour la bande dessin\u00e9e <strong>\u00ab\u00a0Unit\u00e9 Z\u00a0\u00bb <\/strong>de mOTUS et Shinato :<\/li>\n<\/ul>\n<p><a href=\"https:\/\/www.youtube.com\/playlist?list=PLLoZ2l5yZko9s1191FOERMK9sKOFO1qJh\" target=\"_blank\" rel=\"noopener\"><img loading=\"lazy\" class=\"aligncenter wp-image-1965 size-medium\" src=\"https:\/\/visions-of-dystopia.com\/wp-content\/uploads\/2022\/04\/SMC-240x300.jpg\" alt=\"\" width=\"240\" height=\"300\" srcset=\"https:\/\/visions-of-dystopia.com\/wp-content\/uploads\/2022\/04\/SMC-240x300.jpg 240w, https:\/\/visions-of-dystopia.com\/wp-content\/uploads\/2022\/04\/SMC-819x1024.jpg 819w, https:\/\/visions-of-dystopia.com\/wp-content\/uploads\/2022\/04\/SMC-768x960.jpg 768w, https:\/\/visions-of-dystopia.com\/wp-content\/uploads\/2022\/04\/SMC-1228x1536.jpg 1228w, https:\/\/visions-of-dystopia.com\/wp-content\/uploads\/2022\/04\/SMC-1638x2048.jpg 1638w, https:\/\/visions-of-dystopia.com\/wp-content\/uploads\/2022\/04\/SMC-scaled.jpg 2047w\" sizes=\"(max-width: 240px) 100vw, 240px\" \/><\/a><\/p>\n<ul>\n<li>Mise en ligne de notre nouvel album <strong>\u00ab\u00a0Collapse Chronicles: The Nine Chapters\u00a0\u00bb<\/strong><\/li>\n<\/ul>\n<p><iframe loading=\"lazy\" title=\"COLLAPSE CHRONICLES: THE NINE CHAPTERS (Full Album)\" width=\"640\" height=\"360\" src=\"https:\/\/www.youtube.com\/embed\/1JjsD9Kp96s?feature=oembed\" frameborder=\"0\" allow=\"accelerometer; autoplay; clipboard-write; encrypted-media; gyroscope; picture-in-picture\" allowfullscreen><\/iframe><\/p>\n<ul>\n<li>Bande annonce du film de <a href=\"http:\/\/baptisterouveure.com\" target=\"_blank\" rel=\"noopener\">Baptiste Rouveure<\/a>, \u00ab\u00a0<a href=\"http:\/\/baptisterouveure.com\/fictionlesanimauxanonymes.html\" target=\"_blank\" rel=\"noopener\">Les Animaux Anonymes<\/a>\u00a0\u00bb !<\/li>\n<\/ul>\n<p><iframe loading=\"lazy\" title=\"Anonymous Animals Trailer #1 (2021) | Movieclips Indie\" width=\"640\" height=\"360\" src=\"https:\/\/www.youtube.com\/embed\/KgkuY9T5bDI?feature=oembed\" frameborder=\"0\" allow=\"accelerometer; autoplay; clipboard-write; encrypted-media; gyroscope; picture-in-picture\" allowfullscreen><\/iframe><\/p>\n<ul>\n<li>Le film de <a href=\"http:\/\/baptisterouveure.com\" target=\"_blank\" rel=\"noopener\">Baptiste Rouveure<\/a>, \u00ab\u00a0<a href=\"http:\/\/baptisterouveure.com\/fictionlesanimauxanonymes.html\" target=\"_blank\" rel=\"noopener\">Les Animaux Anonymes<\/a>\u00a0\u00bb est diffus\u00e9 en salle dans le monde entier<\/li>\n<\/ul>\n<p><img loading=\"lazy\" class=\"wp-image-1703 size-full aligncenter\" src=\"https:\/\/visions-of-dystopia.com\/wp-content\/uploads\/2021\/12\/AAv2-1.png\" alt=\"\" width=\"929\" height=\"1379\" srcset=\"https:\/\/visions-of-dystopia.com\/wp-content\/uploads\/2021\/12\/AAv2-1.png 929w, https:\/\/visions-of-dystopia.com\/wp-content\/uploads\/2021\/12\/AAv2-1-202x300.png 202w, https:\/\/visions-of-dystopia.com\/wp-content\/uploads\/2021\/12\/AAv2-1-690x1024.png 690w, https:\/\/visions-of-dystopia.com\/wp-content\/uploads\/2021\/12\/AAv2-1-768x1140.png 768w\" sizes=\"(max-width: 929px) 100vw, 929px\" \/><\/p>\n<ul>\n<li><strong><a href=\"https:\/\/www.cinezik.org\/critiques\/affcritique.php?titre=animaux-anonymes2021050500\" target=\"_blank\" rel=\"noopener\">CINEZIK<\/a> sur la BO<\/strong> des \u00ab\u00a0Animaux Anonymes\u00a0\u00bb :<\/li>\n<\/ul>\n<p align=\"justify\"><em>\u00ab\u00a0Damien Maurel signe la musique de ce film fantastique, premier film de Baptiste Rouveure. Il participe avec ses notes tenues dissonantes au climat d&rsquo;\u00e9tranget\u00e9 et d&rsquo;angoisse que g\u00e9n\u00e8re les images de ces personnes traqu\u00e9es comme des animaux sauvages. La fronti\u00e8re indiscernable entre l&rsquo;humain et l&rsquo;animal se traduit par une musique viscerale se confondant avec des grognements.\u00a0\u00bb<\/em><\/p>\n<ul>\n<li>Notre album de M\u00e9tal Progressif Cin\u00e9matographique <a href=\"https:\/\/backl.ink\/144648274?fbclid=IwAR30cXKr4cjmd8V8GCG2TcNpw_HGdF3_6Zyw7-q_XmD621Z3Te-XMMTMr8w\" target=\"_blank\" rel=\"noopener\">\u00ab\u00a0A Nightmare On Dystopian Street\u00a0\u00bb est en \u00e9coute ici !<\/a><\/li>\n<\/ul>\n<p align=\"justify\"><a href=\"https:\/\/backl.ink\/144648274?fbclid=IwAR30cXKr4cjmd8V8GCG2TcNpw_HGdF3_6Zyw7-q_XmD621Z3Te-XMMTMr8w\" target=\"_blank\" rel=\"noopener\"><img loading=\"lazy\" class=\"aligncenter wp-image-1502 size-full\" src=\"https:\/\/visions-of-dystopia.com\/wp-content\/uploads\/2021\/04\/VOD.jpg\" alt=\"\" width=\"1280\" height=\"486\" srcset=\"https:\/\/visions-of-dystopia.com\/wp-content\/uploads\/2021\/04\/VOD.jpg 1280w, https:\/\/visions-of-dystopia.com\/wp-content\/uploads\/2021\/04\/VOD-300x114.jpg 300w, https:\/\/visions-of-dystopia.com\/wp-content\/uploads\/2021\/04\/VOD-1024x389.jpg 1024w, https:\/\/visions-of-dystopia.com\/wp-content\/uploads\/2021\/04\/VOD-768x292.jpg 768w\" sizes=\"(max-width: 1280px) 100vw, 1280px\" \/><\/a><\/p>\n<ul>\n<li>Meilleure bande originale au Screamfest 2020 pour les Animaux Anonymes !<\/li>\n<\/ul>\n<p><img loading=\"lazy\" class=\"wp-image-1336 size-medium aligncenter\" src=\"https:\/\/visions-of-dystopia.com\/wp-content\/uploads\/2020\/12\/2-scream-fest-best-music-300x169.png\" alt=\"\" width=\"300\" height=\"169\" srcset=\"https:\/\/visions-of-dystopia.com\/wp-content\/uploads\/2020\/12\/2-scream-fest-best-music-300x169.png 300w, https:\/\/visions-of-dystopia.com\/wp-content\/uploads\/2020\/12\/2-scream-fest-best-music-768x432.png 768w, https:\/\/visions-of-dystopia.com\/wp-content\/uploads\/2020\/12\/2-scream-fest-best-music.png 1024w\" sizes=\"(max-width: 300px) 100vw, 300px\" \/><\/p>\n\n<div class=\"iheg-wrapper\"><div class=\"eihe-box eihe-fade\" style=\"background: #000;\"><img src=\"https:\/\/visions-of-dystopia.com\/wp-content\/uploads\/2020\/09\/ROUVEURE-scaled.jpg\" alt=\"\"\/><div class=\"eihe-caption\" style=\"background: #000;\"><div class=\"eihe-title-cover\"><h3 class=\"eihe-title\"><a href=\"https:\/\/anonymousanimalsfilms.com\" target=\"_blank\" rel=\"noreferrer noopener\">Les animaux anonymes<\/a><\/h3>\t<\/div><p>(long m\u00e9trage 2020)<\/p><\/div><\/div><\/div>\n\n\n<p><\/p>\n","protected":false},"excerpt":{"rendered":"<p>Sortie en DVD du film de Baptiste Rouveure, \u00ab\u00a0Les Animaux Anonymes\u00a0\u00bb Bande originale du court-m\u00e9trage \u00ab\u00a0Ambigramme\u00a0\u00bb de Gian Nithardt Mise en ligne de notre album compos\u00e9 pour la bande dessin\u00e9e \u00ab\u00a0Unit\u00e9 Z\u00a0\u00bb de mOTUS et Shinato : Mise en ligne de notre nouvel album \u00ab\u00a0Collapse Chronicles: The Nine Chapters\u00a0\u00bb Bande annonce du film de Baptiste [&hellip;]<\/p>\n","protected":false},"author":1,"featured_media":0,"parent":0,"menu_order":0,"comment_status":"closed","ping_status":"closed","template":"","meta":{"ngg_post_thumbnail":0},"_links":{"self":[{"href":"https:\/\/visions-of-dystopia.com\/index.php?rest_route=\/wp\/v2\/pages\/214"}],"collection":[{"href":"https:\/\/visions-of-dystopia.com\/index.php?rest_route=\/wp\/v2\/pages"}],"about":[{"href":"https:\/\/visions-of-dystopia.com\/index.php?rest_route=\/wp\/v2\/types\/page"}],"author":[{"embeddable":true,"href":"https:\/\/visions-of-dystopia.com\/index.php?rest_route=\/wp\/v2\/users\/1"}],"replies":[{"embeddable":true,"href":"https:\/\/visions-of-dystopia.com\/index.php?rest_route=%2Fwp%2Fv2%2Fcomments&post=214"}],"version-history":[{"count":107,"href":"https:\/\/visions-of-dystopia.com\/index.php?rest_route=\/wp\/v2\/pages\/214\/revisions"}],"predecessor-version":[{"id":2022,"href":"https:\/\/visions-of-dystopia.com\/index.php?rest_route=\/wp\/v2\/pages\/214\/revisions\/2022"}],"wp:attachment":[{"href":"https:\/\/visions-of-dystopia.com\/index.php?rest_route=%2Fwp%2Fv2%2Fmedia&parent=214"}],"curies":[{"name":"wp","href":"https:\/\/api.w.org\/{rel}","templated":true}]}}