{"id":216,"date":"2018-08-24T14:44:13","date_gmt":"2018-08-24T12:44:13","guid":{"rendered":"http:\/\/visions-of-dystopia.com\/?page_id=216"},"modified":"2022-09-20T15:11:50","modified_gmt":"2022-09-20T13:11:50","slug":"a-propos","status":"publish","type":"page","link":"https:\/\/visions-of-dystopia.com\/?page_id=216","title":{"rendered":"A PROPOS"},"content":{"rendered":"<p align=\"justify\">\u00ab Visions of dystopia \u00bb est n\u00e9 de l\u2019association de deux compositeurs, Damien Maurel &amp; Eric Juskewycz, r\u00e9unis autour d\u2019une passion commune pour la musique et le cin\u00e9ma.<\/p>\n<p>Nous composons pour :<\/p>\n<ul>\n<li aria-level=\"1\">des films\/courts m\u00e9trages,<\/li>\n<li aria-level=\"1\">des publicit\u00e9s,&nbsp;<\/li>\n<li aria-level=\"1\">des bandes annonces,&nbsp;<\/li>\n<li aria-level=\"1\">des jeux vid\u00e9os,&nbsp;<\/li>\n<li aria-level=\"1\">des albums th\u00e9matiques.&nbsp;<\/li>\n<\/ul>\n<p align=\"justify\">Instrumentistes de formation (guitare, basse, clavier), nous essayons d\u2019apporter le plus de r\u00e9alisme et d\u2019intensit\u00e9 possible \u00e0 nos productions.<\/p>\n<p align=\"justify\">A ce jour, nos r\u00e9alisations sont principalement orient\u00e9es vers des ambiances Sci-Fi, horrifiques, \u00e9piques et fantastiques.<\/p>\n\n<div class=\"wp-block-image\">\n<figure class=\"aligncenter size-large is-resized\"><img loading=\"lazy\" src=\"https:\/\/visions-of-dystopia.com\/wp-content\/uploads\/2021\/04\/VisionsOfDystopia-5-1-683x1024.jpeg\" alt=\"\" class=\"wp-image-1540\" width=\"373\" height=\"559\" srcset=\"https:\/\/visions-of-dystopia.com\/wp-content\/uploads\/2021\/04\/VisionsOfDystopia-5-1-683x1024.jpeg 683w, https:\/\/visions-of-dystopia.com\/wp-content\/uploads\/2021\/04\/VisionsOfDystopia-5-1-200x300.jpeg 200w, https:\/\/visions-of-dystopia.com\/wp-content\/uploads\/2021\/04\/VisionsOfDystopia-5-1-768x1151.jpeg 768w, https:\/\/visions-of-dystopia.com\/wp-content\/uploads\/2021\/04\/VisionsOfDystopia-5-1-1025x1536.jpeg 1025w, https:\/\/visions-of-dystopia.com\/wp-content\/uploads\/2021\/04\/VisionsOfDystopia-5-1-1366x2048.jpeg 1366w, https:\/\/visions-of-dystopia.com\/wp-content\/uploads\/2021\/04\/VisionsOfDystopia-5-1-scaled.jpeg 1708w\" sizes=\"(max-width: 373px) 100vw, 373px\" \/><\/figure><\/div>\n\n\n<p class=\"has-text-align-center\"><kbd>Shooting lors du tournage du clip<\/kbd><br><kbd>\"The Call\"<\/kbd><\/p>\n","protected":false},"excerpt":{"rendered":"<p>\u00ab Visions of dystopia \u00bb est n\u00e9 de l\u2019association de deux compositeurs, Damien Maurel &amp; Eric Juskewycz, r\u00e9unis autour d\u2019une passion commune pour la musique et le cin\u00e9ma. Nous composons pour : des films\/courts m\u00e9trages, des publicit\u00e9s,&nbsp; des bandes annonces,&nbsp; des jeux vid\u00e9os,&nbsp; des albums th\u00e9matiques.&nbsp; Instrumentistes de formation (guitare, basse, clavier), nous essayons d\u2019apporter [&hellip;]<\/p>\n","protected":false},"author":1,"featured_media":0,"parent":0,"menu_order":0,"comment_status":"closed","ping_status":"closed","template":"","meta":{"ngg_post_thumbnail":0},"_links":{"self":[{"href":"https:\/\/visions-of-dystopia.com\/index.php?rest_route=\/wp\/v2\/pages\/216"}],"collection":[{"href":"https:\/\/visions-of-dystopia.com\/index.php?rest_route=\/wp\/v2\/pages"}],"about":[{"href":"https:\/\/visions-of-dystopia.com\/index.php?rest_route=\/wp\/v2\/types\/page"}],"author":[{"embeddable":true,"href":"https:\/\/visions-of-dystopia.com\/index.php?rest_route=\/wp\/v2\/users\/1"}],"replies":[{"embeddable":true,"href":"https:\/\/visions-of-dystopia.com\/index.php?rest_route=%2Fwp%2Fv2%2Fcomments&post=216"}],"version-history":[{"count":27,"href":"https:\/\/visions-of-dystopia.com\/index.php?rest_route=\/wp\/v2\/pages\/216\/revisions"}],"predecessor-version":[{"id":2145,"href":"https:\/\/visions-of-dystopia.com\/index.php?rest_route=\/wp\/v2\/pages\/216\/revisions\/2145"}],"wp:attachment":[{"href":"https:\/\/visions-of-dystopia.com\/index.php?rest_route=%2Fwp%2Fv2%2Fmedia&parent=216"}],"curies":[{"name":"wp","href":"https:\/\/api.w.org\/{rel}","templated":true}]}}