{"id":860,"date":"2020-03-30T23:42:15","date_gmt":"2020-03-30T21:42:15","guid":{"rendered":"http:\/\/visions-of-dystopia.com\/?page_id=860"},"modified":"2022-07-25T13:27:03","modified_gmt":"2022-07-25T11:27:03","slug":"cv","status":"publish","type":"page","link":"https:\/\/visions-of-dystopia.com\/?page_id=860","title":{"rendered":"CV"},"content":{"rendered":"\n<p><strong>Pressbook <\/strong>t\u00e9l\u00e9chargeable <a href=\"https:\/\/visions-of-dystopia.com\/wp-content\/uploads\/2022\/07\/VisionsOfDystopia-MusicComposers-Book-2022-FR.pdf\" data-type=\"URL\" target=\"_blank\" rel=\"noreferrer noopener\">ici<\/a><\/p>\n\n\n\n<p><strong>R\u00e9seaux sociaux<\/strong>  <a rel=\"noreferrer noopener\" href=\"https:\/\/linktr.ee\/visionsofdystopia\" data-type=\"URL\" data-id=\"https:\/\/linktr.ee\/visionsofdystopia\" target=\"_blank\">ici<\/a><\/p>\n\n\n\n<p><strong>PROJETS AUDIO-VISUELS<\/strong><\/p>\n\n\n\n<p>2022 :<\/p>\n\n\n\n<ul><li><strong>Court m\u00e9trage <\/strong>Ambigramme, r\u00e9alis\u00e9 par Gian Nithardt et produit par 3IS Institut International de l&rsquo;Image et du Son<\/li><\/ul>\n\n\n\n<p>2021 :<\/p>\n\n\n\n<ul><li><strong>Bande originale<\/strong> de la bande dessin\u00e9e Unit\u00e9 Z (avec le sc\u00e9nariste mOTUS)<\/li><\/ul>\n\n\n\n<p>2020 : <\/p>\n\n\n\n<ul><li><strong>Habillage musical <\/strong>pour la cha\u00eene Youtube Obsolete Oddity<\/li><\/ul>\n\n\n\n<ul><li><strong>G\u00e9n\u00e9riques, bandes annonces, habillages sonores <\/strong>pour la cha\u00eene <a href=\"https:\/\/www.youtube.com\/channel\/UCj_JqP0bssZgE6vhtkQ3Dqw\" data-type=\"URL\" data-id=\"https:\/\/www.youtube.com\/channel\/UCj_JqP0bssZgE6vhtkQ3Dqw\" target=\"_blank\" rel=\"noreferrer noopener\">Spirit XperienZ<\/a><\/li><\/ul>\n\n\n\n<ul><li><strong>Long m\u00e9trage<\/strong> <a href=\"https:\/\/anonymousanimalsfilms.com\/\" data-type=\"URL\" data-id=\"https:\/\/anonymousanimalsfilms.com\/\" target=\"_blank\" rel=\"noreferrer noopener\">Les animaux Anonymes<\/a>, r\u00e9alis\u00e9 par <a href=\"http:\/\/www.baptisterouveure.com\/\" data-type=\"URL\" data-id=\"http:\/\/www.baptisterouveure.com\/\" target=\"_blank\" rel=\"noreferrer noopener\">Baptiste Rouveure<\/a><\/li><\/ul>\n\n\n\n<ul><li><strong>Film d&rsquo;animation<\/strong> <a rel=\"noreferrer noopener\" href=\"https:\/\/youtu.be\/Tz3dViUgBSI\" data-type=\"URL\" data-id=\"https:\/\/youtu.be\/Tz3dViUgBSI\" target=\"_blank\">Breach<\/a>, r\u00e9alis\u00e9 et produit par ARTFX<\/li><\/ul>\n\n\n\n<ul><li><strong>Teaser<\/strong> pour le lancement de la bande dessin\u00e9e <a href=\"https:\/\/youtu.be\/SvQB6sFYG1w\" data-type=\"URL\" data-id=\"https:\/\/youtu.be\/SvQB6sFYG1w\" target=\"_blank\" rel=\"noreferrer noopener\">Unit\u00e9 Z<\/a><\/li><\/ul>\n\n\n\n<ul><li><strong>Court m\u00e9trage<\/strong> Astrallstory, r\u00e9alis\u00e9 par <a href=\"https:\/\/www.unifrance.org\/annuaires\/personne\/143258\/virginia-bach\" data-type=\"URL\" data-id=\"https:\/\/www.unifrance.org\/annuaires\/personne\/143258\/virginia-bach\" target=\"_blank\" rel=\"noreferrer noopener\">Virginia Bach<\/a><\/li><\/ul>\n\n\n\n<p>2019 : <\/p>\n\n\n\n<ul><li><strong>Court-m\u00e9trage<\/strong> Psychosia, r\u00e9alis\u00e9 par Thierry Ramoin<\/li><\/ul>\n\n\n\n<ul><li><strong>Publicit\u00e9<\/strong> pour <a href=\"https:\/\/vimeo.com\/302033184?embedded=true&amp;source=video_title&amp;owner=89558935\" data-type=\"URL\" data-id=\"https:\/\/vimeo.com\/302033184?embedded=true&amp;source=video_title&amp;owner=89558935\" target=\"_blank\" rel=\"noreferrer noopener\">Lagrange Productions<\/a><\/li><\/ul>\n\n\n\n<p>2018 : <\/p>\n\n\n\n<ul><li><strong>Court-m\u00e9trage<\/strong> <a rel=\"noreferrer noopener\" href=\"https:\/\/vimeo.com\/286251412\" data-type=\"URL\" data-id=\"https:\/\/vimeo.com\/286251412\" target=\"_blank\">Lui Dire<\/a>, r\u00e9alis\u00e9 par <a rel=\"noreferrer noopener\" href=\"https:\/\/www.unifrance.org\/annuaires\/personne\/143258\/virginia-bach\" data-type=\"URL\" data-id=\"https:\/\/www.unifrance.org\/annuaires\/personne\/143258\/virginia-bach\" target=\"_blank\">Virginia Bach<\/a>, produit par <a href=\"https:\/\/www.dacor.fr\/\" data-type=\"URL\" data-id=\"https:\/\/www.dacor.fr\/\" target=\"_blank\" rel=\"noreferrer noopener\">Dacor Productions<\/a>, <strong>diffus\u00e9 sur France 3 <\/strong>dans l&rsquo;\u00e9mission Libre Court<\/li><\/ul>\n\n\n\n<p>2017 : <\/p>\n\n\n\n<ul><li><strong>Court-m\u00e9trage<\/strong> <a href=\"https:\/\/www.youtube.com\/watch?v=61zGH7C04xM&amp;ab_channel=ThierryOlliveRamoin\" data-type=\"URL\" data-id=\"https:\/\/www.youtube.com\/watch?v=61zGH7C04xM&amp;ab_channel=ThierryOlliveRamoin\" target=\"_blank\" rel=\"noreferrer noopener\">Dimanche<\/a>, r\u00e9alis\u00e9 par Thierry Ramoin, produit par les Nous<\/li><\/ul>\n\n\n\n<p>2016 : <\/p>\n\n\n\n<ul><li><strong>Films institutionnels<\/strong> pour la TAM Montpellier, r\u00e9alis\u00e9 par Baptiste Rouveure&nbsp;&nbsp;&nbsp;&nbsp;&nbsp;&nbsp;&nbsp;&nbsp;&nbsp;&nbsp;&nbsp; <\/li><\/ul>\n\n\n\n<p>2015 : <\/p>\n\n\n\n<ul><li><strong>Web-documentaires <\/strong><a rel=\"noreferrer noopener\" href=\"https:\/\/www.lumni.fr\/jeux-educatifs\/atome-hotel\/\" data-type=\"URL\" data-id=\"https:\/\/www.lumni.fr\/jeux-educatifs\/atome-hotel\/\" target=\"_blank\">Atome H\u00f4tel<\/a>,  r\u00e9alis\u00e9 par Baptiste Rouveure, produit par <a href=\"http:\/\/www.pagesimages.com\/\" data-type=\"URL\" data-id=\"http:\/\/www.pagesimages.com\/\" target=\"_blank\" rel=\"noreferrer noopener\">Pages &amp; Images<\/a>, diffusion sur la plateforme <strong>France TV Education<\/strong>, <\/li><\/ul>\n\n\n\n<p>2014 : <\/p>\n\n\n\n<ul><li><strong>Court-m\u00e9trage <\/strong><a href=\"https:\/\/www.dailymotion.com\/video\/x2rsoe9\" data-type=\"URL\" data-id=\"https:\/\/www.dailymotion.com\/video\/x2rsoe9\" target=\"_blank\" rel=\"noreferrer noopener\">De Charybde en Scylla<\/a>, r\u00e9alis\u00e9 par Thierry Ramoin , produit par les Nous<\/li><\/ul>\n\n\n\n<ul><li><strong>Publicit\u00e9 <\/strong>pour l&rsquo;association des arts du spectacle vivant, Gare \u00e0 l\u2019art 34, r\u00e9alis\u00e9\/produit par Juan Jimenez<\/li><\/ul>\n\n\n\n<p><strong>ALBUMS<\/strong> <strong>&amp; BANDES DEMO<\/strong><\/p>\n\n\n\n<p>2022 :<\/p>\n\n\n\n<ul><li>Collapse Chronicles: The Nine Chapters (Sci-Fi)<\/li><\/ul>\n\n\n\n<ul><li>Orchestration du titre \u00ab\u00a0The Journey\u00a0\u00bb du groupe <a rel=\"noreferrer noopener\" href=\"http:\/\/www.highwayrocks.com\" data-type=\"URL\" data-id=\"http:\/\/www.highwayrocks.com\" target=\"_blank\">Highway<\/a><\/li><\/ul>\n\n\n\n<ul><li>Morceau de d\u00e9monstration pour la nouvelle banque de son \u00ab\u00a0Full Moon\u00a0\u00bb de <a href=\"https:\/\/soundethers.wixsite.com\/soundethers\" data-type=\"URL\" data-id=\"https:\/\/soundethers.wixsite.com\/soundethers\" target=\"_blank\" rel=\"noreferrer noopener\">Soundethers<\/a> : Are we free?<\/li><\/ul>\n\n\n\n<p>2021 :<\/p>\n\n\n\n<ul><li>Album instrumental de m\u00e9tal progressif cin\u00e9matographique, \u00ab\u00a0A Nightmare On Dystopian Street\u00a0\u00bb, distribu\u00e9 par <a rel=\"noreferrer noopener\" href=\"https:\/\/www.m-o-music.com\/ESHOP\/produit\/visionsofdystopia-anightmareondystopianstreet\/\" data-type=\"URL\" data-id=\"https:\/\/www.m-o-music.com\/ESHOP\/produit\/visionsofdystopia-anightmareondystopianstreet\/\" target=\"_blank\">M&amp;O Music<\/a>.<\/li><\/ul>\n\n\n\n<p>2020 : <\/p>\n\n\n\n<ul><li>Chaos &amp; Fear (SciFi)<\/li><\/ul>\n\n\n\n<p>2019 :<\/p>\n\n\n\n<ul><li>Cyborgs Awakening (SciFi)<\/li><\/ul>\n\n\n\n<ul><li>Universal War (SciFi), inspir\u00e9 par la bande dessin\u00e9 de <a href=\"https:\/\/www.bajram.com\/2018\/12\/03\/universal-music\/\" data-type=\"URL\" data-id=\"https:\/\/www.bajram.com\/2018\/12\/03\/universal-music\/\" target=\"_blank\" rel=\"noreferrer noopener\">Denis Bajram<\/a><\/li><\/ul>\n\n\n\n<ul><li>Morceaux de d\u00e9monstration pour la nouvelle banque de son <a href=\"https:\/\/soundethers.wixsite.com\/soundethers\" target=\"_blank\" rel=\"noreferrer noopener\">Soundethers <\/a>: The ghost in my mind &amp; The photographer<\/li><\/ul>\n\n\n\n<p>2018 :<\/p>\n\n\n\n<ul><li>From the inside (Horreur)<\/li><\/ul>\n\n\n\n<p><\/p>\n","protected":false},"excerpt":{"rendered":"<p>Pressbook t\u00e9l\u00e9chargeable ici R\u00e9seaux sociaux ici PROJETS AUDIO-VISUELS 2022 : Court m\u00e9trage Ambigramme, r\u00e9alis\u00e9 par Gian Nithardt et produit par 3IS Institut International de l&rsquo;Image et du Son 2021 : Bande originale de la bande dessin\u00e9e Unit\u00e9 Z (avec le sc\u00e9nariste mOTUS) 2020 : Habillage musical pour la cha\u00eene Youtube Obsolete Oddity G\u00e9n\u00e9riques, bandes annonces, [&hellip;]<\/p>\n","protected":false},"author":1,"featured_media":0,"parent":0,"menu_order":0,"comment_status":"closed","ping_status":"closed","template":"","meta":{"ngg_post_thumbnail":0},"_links":{"self":[{"href":"https:\/\/visions-of-dystopia.com\/index.php?rest_route=\/wp\/v2\/pages\/860"}],"collection":[{"href":"https:\/\/visions-of-dystopia.com\/index.php?rest_route=\/wp\/v2\/pages"}],"about":[{"href":"https:\/\/visions-of-dystopia.com\/index.php?rest_route=\/wp\/v2\/types\/page"}],"author":[{"embeddable":true,"href":"https:\/\/visions-of-dystopia.com\/index.php?rest_route=\/wp\/v2\/users\/1"}],"replies":[{"embeddable":true,"href":"https:\/\/visions-of-dystopia.com\/index.php?rest_route=%2Fwp%2Fv2%2Fcomments&post=860"}],"version-history":[{"count":61,"href":"https:\/\/visions-of-dystopia.com\/index.php?rest_route=\/wp\/v2\/pages\/860\/revisions"}],"predecessor-version":[{"id":2009,"href":"https:\/\/visions-of-dystopia.com\/index.php?rest_route=\/wp\/v2\/pages\/860\/revisions\/2009"}],"wp:attachment":[{"href":"https:\/\/visions-of-dystopia.com\/index.php?rest_route=%2Fwp%2Fv2%2Fmedia&parent=860"}],"curies":[{"name":"wp","href":"https:\/\/api.w.org\/{rel}","templated":true}]}}